{"id":4961,"date":"2017-12-07T20:13:04","date_gmt":"2017-12-08T02:13:04","guid":{"rendered":"https:\/\/pegasuslg.flywheelstaging.com\/contacto\/"},"modified":"2025-07-11T13:54:44","modified_gmt":"2025-07-11T18:54:44","slug":"contacto","status":"publish","type":"page","link":"https:\/\/www.pegasuslogistics.com\/es\/contacto\/","title":{"rendered":"Contacto"},"content":{"rendered":"<div id=\"cs-content\" class=\"cs-content\"><\/div>\n","protected":false},"excerpt":{"rendered":"<p>Cont\u00e1ctanosCont\u00e1ctanos A nuestros equipos de cuentas dedicadas les encantara conectarse contigo para conocer tus necesidades log\u00edsticas y ayudarte a responder preguntas. \u00a1Comp\u00e1rtenos tu informaci\u00f3n a continuaci\u00f3n y nos pondremos en contacto! NameEste campo es un campo de validaci\u00f3n y debe quedar sin cambios.Nombre(Obligatorio)Correo electr\u00f3nico(Obligatorio) n\u00famero de tel\u00e9fono(Obligatorio)Mensaje &#916; Sede mundial 306 Airline Drive, Suite 100 Coppell, TX 75019 Servicio de &#8230; <\/p>\n<div><a href=\"https:\/\/www.pegasuslogistics.com\/es\/contacto\/\" class=\"more-link\">Read More<\/a><\/div>\n","protected":false},"author":1,"featured_media":0,"parent":0,"menu_order":0,"comment_status":"closed","ping_status":"closed","template":"template-blank-4.php","meta":{"content-type":"","footnotes":""},"class_list":["post-4961","page","type-page","status-publish","hentry","no-post-thumbnail"],"yoast_head":"<!-- This site is optimized with the Yoast SEO Premium plugin v21.0 (Yoast SEO v26.5) - https:\/\/yoast.com\/wordpress\/plugins\/seo\/ -->\n<title>Contacto | Pegasus Logistics Group<\/title>\n<meta name=\"description\" content=\"Nuestros equipos de cuentas dedicados a Pegasus estar\u00e1n encantados de ponerse en contacto con usted para conocer sus necesidades log\u00edsticas y ayudarle a resolver sus dudas.\" \/>\n<meta name=\"robots\" content=\"index, follow, max-snippet:-1, max-image-preview:large, max-video-preview:-1\" \/>\n<link rel=\"canonical\" href=\"https:\/\/www.pegasuslogistics.com\/es\/contacto\/\" \/>\n<meta name=\"twitter:label1\" content=\"Est. reading time\" \/>\n\t<meta name=\"twitter:data1\" content=\"3 minutes\" \/>\n<script type=\"application\/ld+json\" class=\"yoast-schema-graph\">{\"@context\":\"https:\/\/schema.org\",\"@graph\":[{\"@type\":\"WebPage\",\"@id\":\"https:\/\/www.pegasuslogistics.com\/es\/contacto\/\",\"url\":\"https:\/\/www.pegasuslogistics.com\/es\/contacto\/\",\"name\":\"Contacto | Pegasus Logistics Group\",\"isPartOf\":{\"@id\":\"https:\/\/www.pegasuslogistics.com\/es\/#website\"},\"datePublished\":\"2017-12-08T02:13:04+00:00\",\"dateModified\":\"2025-07-11T18:54:44+00:00\",\"description\":\"Nuestros equipos de cuentas dedicados a Pegasus estar\u00e1n encantados de ponerse en contacto con usted para conocer sus necesidades log\u00edsticas y ayudarle a resolver sus dudas.\",\"breadcrumb\":{\"@id\":\"https:\/\/www.pegasuslogistics.com\/es\/contacto\/#breadcrumb\"},\"inLanguage\":\"es-ES\",\"potentialAction\":[{\"@type\":\"ReadAction\",\"target\":[\"https:\/\/www.pegasuslogistics.com\/es\/contacto\/\"]}]},{\"@type\":\"BreadcrumbList\",\"@id\":\"https:\/\/www.pegasuslogistics.com\/es\/contacto\/#breadcrumb\",\"itemListElement\":[{\"@type\":\"ListItem\",\"position\":1,\"name\":\"Home\",\"item\":\"https:\/\/www.pegasuslogistics.com\/es\/inicio-complejidad\/\"},{\"@type\":\"ListItem\",\"position\":2,\"name\":\"Contacto\"}]},{\"@type\":\"WebSite\",\"@id\":\"https:\/\/www.pegasuslogistics.com\/es\/#website\",\"url\":\"https:\/\/www.pegasuslogistics.com\/es\/\",\"name\":\"Pegasus Logistics\",\"description\":\"Delivering Opportunity\",\"publisher\":{\"@id\":\"https:\/\/www.pegasuslogistics.com\/es\/#organization\"},\"alternateName\":\"Pegasus Logistics Group\",\"potentialAction\":[{\"@type\":\"SearchAction\",\"target\":{\"@type\":\"EntryPoint\",\"urlTemplate\":\"https:\/\/www.pegasuslogistics.com\/es\/?s={search_term_string}\"},\"query-input\":{\"@type\":\"PropertyValueSpecification\",\"valueRequired\":true,\"valueName\":\"search_term_string\"}}],\"inLanguage\":\"es-ES\"},{\"@type\":[\"Organization\",\"Place\",\"Corporation\"],\"@id\":\"https:\/\/www.pegasuslogistics.com\/es\/#organization\",\"name\":\"Pegasus Logistics Group\",\"alternateName\":\"Pegasus Logistics\",\"url\":\"https:\/\/www.pegasuslogistics.com\/es\/\",\"logo\":{\"@id\":\"https:\/\/www.pegasuslogistics.com\/es\/contacto\/#local-main-organization-logo\"},\"image\":{\"@id\":\"https:\/\/www.pegasuslogistics.com\/es\/contacto\/#local-main-organization-logo\"},\"sameAs\":[\"https:\/\/www.facebook.com\/PegasusLogisticsGroup\/\",\"https:\/\/x.com\/pegasus_dallas\",\"https:\/\/www.instagram.com\/pegasuslogisticsgroup\/\",\"https:\/\/www.linkedin.com\/company\/pegasus-logistics-group\",\"https:\/\/www.pinterest.com\/pegasuslogisticsgroup\",\"http:\/\/www.youtube.com\/@pegasuslogistics\"],\"address\":{\"@id\":\"https:\/\/www.pegasuslogistics.com\/es\/contacto\/#local-main-place-address\"},\"geo\":{\"@type\":\"GeoCoordinates\",\"latitude\":\"32.944213\",\"longitude\":\"-96.9991158\"},\"telephone\":[\"469-671-0300\",\"800-997-7226\"],\"openingHoursSpecification\":[{\"@type\":\"OpeningHoursSpecification\",\"dayOfWeek\":[\"Monday\",\"Tuesday\",\"Wednesday\",\"Thursday\",\"Friday\"],\"opens\":\"08:00\",\"closes\":\"17:00\"},{\"@type\":\"OpeningHoursSpecification\",\"dayOfWeek\":[\"Saturday\",\"Sunday\"],\"opens\":\"00:00\",\"closes\":\"00:00\"}],\"email\":\"info@pegasuslogistics.com\",\"faxNumber\":\"469-671-0317\",\"areaServed\":\"Dallas Fort Worth\"},{\"@type\":\"PostalAddress\",\"@id\":\"https:\/\/www.pegasuslogistics.com\/es\/contacto\/#local-main-place-address\",\"streetAddress\":\"306 Airline Dr, Ste 100\",\"addressLocality\":\"Coppell\",\"postalCode\":\"75019\",\"addressRegion\":\"TX\",\"addressCountry\":\"US\"},{\"@type\":\"ImageObject\",\"inLanguage\":\"es-ES\",\"@id\":\"https:\/\/www.pegasuslogistics.com\/es\/contacto\/#local-main-organization-logo\",\"url\":\"https:\/\/www.pegasuslogistics.com\/wp-content\/uploads\/2021\/10\/Pegasus-logo.png\",\"contentUrl\":\"https:\/\/www.pegasuslogistics.com\/wp-content\/uploads\/2021\/10\/Pegasus-logo.png\",\"width\":193,\"height\":90,\"caption\":\"Pegasus Logistics Group\"}]}<\/script>\n<meta name=\"geo.placename\" content=\"Coppell\" \/>\n<meta name=\"geo.position\" content=\"32.944213;-96.9991158\" \/>\n<meta name=\"geo.region\" content=\"Estados Unidos (EEUU)\" \/>\n<!-- \/ Yoast SEO Premium plugin. -->","yoast_head_json":{"title":"Contacto | Pegasus Logistics Group","description":"Nuestros equipos de cuentas dedicados a Pegasus estar\u00e1n encantados de ponerse en contacto con usted para conocer sus necesidades log\u00edsticas y ayudarle a resolver sus dudas.","robots":{"index":"index","follow":"follow","max-snippet":"max-snippet:-1","max-image-preview":"max-image-preview:large","max-video-preview":"max-video-preview:-1"},"canonical":"https:\/\/www.pegasuslogistics.com\/es\/contacto\/","twitter_misc":{"Est. reading time":"3 minutes"},"schema":{"@context":"https:\/\/schema.org","@graph":[{"@type":"WebPage","@id":"https:\/\/www.pegasuslogistics.com\/es\/contacto\/","url":"https:\/\/www.pegasuslogistics.com\/es\/contacto\/","name":"Contacto | Pegasus Logistics Group","isPartOf":{"@id":"https:\/\/www.pegasuslogistics.com\/es\/#website"},"datePublished":"2017-12-08T02:13:04+00:00","dateModified":"2025-07-11T18:54:44+00:00","description":"Nuestros equipos de cuentas dedicados a Pegasus estar\u00e1n encantados de ponerse en contacto con usted para conocer sus necesidades log\u00edsticas y ayudarle a resolver sus dudas.","breadcrumb":{"@id":"https:\/\/www.pegasuslogistics.com\/es\/contacto\/#breadcrumb"},"inLanguage":"es-ES","potentialAction":[{"@type":"ReadAction","target":["https:\/\/www.pegasuslogistics.com\/es\/contacto\/"]}]},{"@type":"BreadcrumbList","@id":"https:\/\/www.pegasuslogistics.com\/es\/contacto\/#breadcrumb","itemListElement":[{"@type":"ListItem","position":1,"name":"Home","item":"https:\/\/www.pegasuslogistics.com\/es\/inicio-complejidad\/"},{"@type":"ListItem","position":2,"name":"Contacto"}]},{"@type":"WebSite","@id":"https:\/\/www.pegasuslogistics.com\/es\/#website","url":"https:\/\/www.pegasuslogistics.com\/es\/","name":"Pegasus Logistics","description":"Delivering Opportunity","publisher":{"@id":"https:\/\/www.pegasuslogistics.com\/es\/#organization"},"alternateName":"Pegasus Logistics Group","potentialAction":[{"@type":"SearchAction","target":{"@type":"EntryPoint","urlTemplate":"https:\/\/www.pegasuslogistics.com\/es\/?s={search_term_string}"},"query-input":{"@type":"PropertyValueSpecification","valueRequired":true,"valueName":"search_term_string"}}],"inLanguage":"es-ES"},{"@type":["Organization","Place","Corporation"],"@id":"https:\/\/www.pegasuslogistics.com\/es\/#organization","name":"Pegasus Logistics Group","alternateName":"Pegasus Logistics","url":"https:\/\/www.pegasuslogistics.com\/es\/","logo":{"@id":"https:\/\/www.pegasuslogistics.com\/es\/contacto\/#local-main-organization-logo"},"image":{"@id":"https:\/\/www.pegasuslogistics.com\/es\/contacto\/#local-main-organization-logo"},"sameAs":["https:\/\/www.facebook.com\/PegasusLogisticsGroup\/","https:\/\/x.com\/pegasus_dallas","https:\/\/www.instagram.com\/pegasuslogisticsgroup\/","https:\/\/www.linkedin.com\/company\/pegasus-logistics-group","https:\/\/www.pinterest.com\/pegasuslogisticsgroup","http:\/\/www.youtube.com\/@pegasuslogistics"],"address":{"@id":"https:\/\/www.pegasuslogistics.com\/es\/contacto\/#local-main-place-address"},"geo":{"@type":"GeoCoordinates","latitude":"32.944213","longitude":"-96.9991158"},"telephone":["469-671-0300","800-997-7226","469-671-0300","800-997-7226"],"openingHoursSpecification":[{"@type":"OpeningHoursSpecification","dayOfWeek":["Monday","Tuesday","Wednesday","Thursday","Friday"],"opens":"08:00","closes":"17:00"},{"@type":"OpeningHoursSpecification","dayOfWeek":["Saturday","Sunday"],"opens":"00:00","closes":"00:00"}],"email":"info@pegasuslogistics.com","faxNumber":"469-671-0317","areaServed":"Dallas Fort Worth"},{"@type":"PostalAddress","@id":"https:\/\/www.pegasuslogistics.com\/es\/contacto\/#local-main-place-address","streetAddress":"306 Airline Dr, Ste 100","addressLocality":"Coppell","postalCode":"75019","addressRegion":"TX","addressCountry":"US"},{"@type":"ImageObject","inLanguage":"es-ES","@id":"https:\/\/www.pegasuslogistics.com\/es\/contacto\/#local-main-organization-logo","url":"https:\/\/www.pegasuslogistics.com\/wp-content\/uploads\/2021\/10\/Pegasus-logo.png","contentUrl":"https:\/\/www.pegasuslogistics.com\/wp-content\/uploads\/2021\/10\/Pegasus-logo.png","width":193,"height":90,"caption":"Pegasus Logistics Group"}]},"geo.placename":"Coppell","geo.position":{"lat":"32.944213","long":"-96.9991158"},"geo.region":"Estados Unidos (EEUU)"},"_links":{"self":[{"href":"https:\/\/www.pegasuslogistics.com\/es\/wp-json\/wp\/v2\/pages\/4961","targetHints":{"allow":["GET"]}}],"collection":[{"href":"https:\/\/www.pegasuslogistics.com\/es\/wp-json\/wp\/v2\/pages"}],"about":[{"href":"https:\/\/www.pegasuslogistics.com\/es\/wp-json\/wp\/v2\/types\/page"}],"author":[{"embeddable":true,"href":"https:\/\/www.pegasuslogistics.com\/es\/wp-json\/wp\/v2\/users\/1"}],"replies":[{"embeddable":true,"href":"https:\/\/www.pegasuslogistics.com\/es\/wp-json\/wp\/v2\/comments?post=4961"}],"version-history":[{"count":5,"href":"https:\/\/www.pegasuslogistics.com\/es\/wp-json\/wp\/v2\/pages\/4961\/revisions"}],"predecessor-version":[{"id":68178,"href":"https:\/\/www.pegasuslogistics.com\/es\/wp-json\/wp\/v2\/pages\/4961\/revisions\/68178"}],"wp:attachment":[{"href":"https:\/\/www.pegasuslogistics.com\/es\/wp-json\/wp\/v2\/media?parent=4961"}],"curies":[{"name":"wp","href":"https:\/\/api.w.org\/{rel}","templated":true}]}}