{"id":4971,"date":"2021-10-13T10:49:17","date_gmt":"2021-10-13T15:49:17","guid":{"rendered":"https:\/\/pegasuslg.flywheelstaging.com\/quienes-somos\/"},"modified":"2026-03-05T13:16:25","modified_gmt":"2026-03-05T19:16:25","slug":"quienes-somos","status":"publish","type":"page","link":"https:\/\/www.pegasuslogistics.com\/es\/quienes-somos\/","title":{"rendered":"Qui\u00e9nes somos"},"content":{"rendered":"<div id=\"cs-content\" class=\"cs-content\"><\/div>\n","protected":false},"excerpt":{"rendered":"<p>Somos el Agentes del cambio. Redefinimos las normas para el transporte de tiempo definido. Proporcionamos soluciones personalizadas y experiencias extraordinarias invirtiendo recursos en los miembros del equipo, la tecnolog\u00eda y una red de transporte superior. Este planteamiento nos libera de un entorno con muchos activos que est\u00e1 sujeto a la mentalidad de &#8220;empujar y tirar&#8221; de las instalaciones de m\u00faltiples &#8230; <\/p>\n<div><a href=\"https:\/\/www.pegasuslogistics.com\/es\/quienes-somos\/\" class=\"more-link\">Read More<\/a><\/div>\n","protected":false},"author":1,"featured_media":0,"parent":0,"menu_order":0,"comment_status":"closed","ping_status":"closed","template":"template-blank-4.php","meta":{"content-type":"","footnotes":""},"class_list":["post-4971","page","type-page","status-publish","hentry","no-post-thumbnail"],"yoast_head":"<!-- This site is optimized with the Yoast SEO Premium plugin v21.0 (Yoast SEO v26.5) - https:\/\/yoast.com\/wordpress\/plugins\/seo\/ -->\n<title>Qui\u00e9nes somos | Pegasus Logistics Group<\/title>\n<meta name=\"description\" content=\"Redefinimos los est\u00e1ndares del transporte de tiempo definido invirtiendo recursos en miembros del equipo, tecnolog\u00eda y una red superior.\" \/>\n<meta name=\"robots\" content=\"index, follow, max-snippet:-1, max-image-preview:large, max-video-preview:-1\" \/>\n<link rel=\"canonical\" href=\"https:\/\/www.pegasuslogistics.com\/es\/quienes-somos\/\" \/>\n<meta name=\"twitter:label1\" content=\"Est. reading time\" \/>\n\t<meta name=\"twitter:data1\" content=\"5 minutes\" \/>\n<script type=\"application\/ld+json\" class=\"yoast-schema-graph\">{\"@context\":\"https:\/\/schema.org\",\"@graph\":[{\"@type\":\"WebPage\",\"@id\":\"https:\/\/www.pegasuslogistics.com\/es\/quienes-somos\/\",\"url\":\"https:\/\/www.pegasuslogistics.com\/es\/quienes-somos\/\",\"name\":\"Qui\u00e9nes somos | Pegasus Logistics Group\",\"isPartOf\":{\"@id\":\"https:\/\/www.pegasuslogistics.com\/es\/#website\"},\"datePublished\":\"2021-10-13T15:49:17+00:00\",\"dateModified\":\"2026-03-05T19:16:25+00:00\",\"description\":\"Redefinimos los est\u00e1ndares del transporte de tiempo definido invirtiendo recursos en miembros del equipo, tecnolog\u00eda y una red superior.\",\"breadcrumb\":{\"@id\":\"https:\/\/www.pegasuslogistics.com\/es\/quienes-somos\/#breadcrumb\"},\"inLanguage\":\"es-ES\",\"potentialAction\":[{\"@type\":\"ReadAction\",\"target\":[\"https:\/\/www.pegasuslogistics.com\/es\/quienes-somos\/\"]}]},{\"@type\":\"BreadcrumbList\",\"@id\":\"https:\/\/www.pegasuslogistics.com\/es\/quienes-somos\/#breadcrumb\",\"itemListElement\":[{\"@type\":\"ListItem\",\"position\":1,\"name\":\"Home\",\"item\":\"https:\/\/www.pegasuslogistics.com\/es\/inicio-complejidad\/\"},{\"@type\":\"ListItem\",\"position\":2,\"name\":\"Qui\u00e9nes somos\"}]},{\"@type\":\"WebSite\",\"@id\":\"https:\/\/www.pegasuslogistics.com\/es\/#website\",\"url\":\"https:\/\/www.pegasuslogistics.com\/es\/\",\"name\":\"Pegasus Logistics\",\"description\":\"Delivering Opportunity\",\"publisher\":{\"@id\":\"https:\/\/www.pegasuslogistics.com\/es\/#organization\"},\"alternateName\":\"Pegasus Logistics Group\",\"potentialAction\":[{\"@type\":\"SearchAction\",\"target\":{\"@type\":\"EntryPoint\",\"urlTemplate\":\"https:\/\/www.pegasuslogistics.com\/es\/?s={search_term_string}\"},\"query-input\":{\"@type\":\"PropertyValueSpecification\",\"valueRequired\":true,\"valueName\":\"search_term_string\"}}],\"inLanguage\":\"es-ES\"},{\"@type\":[\"Organization\",\"Place\",\"Corporation\"],\"@id\":\"https:\/\/www.pegasuslogistics.com\/es\/#organization\",\"name\":\"Pegasus Logistics Group\",\"alternateName\":\"Pegasus Logistics\",\"url\":\"https:\/\/www.pegasuslogistics.com\/es\/\",\"logo\":{\"@id\":\"https:\/\/www.pegasuslogistics.com\/es\/quienes-somos\/#local-main-organization-logo\"},\"image\":{\"@id\":\"https:\/\/www.pegasuslogistics.com\/es\/quienes-somos\/#local-main-organization-logo\"},\"sameAs\":[\"https:\/\/www.facebook.com\/PegasusLogisticsGroup\/\",\"https:\/\/x.com\/pegasus_dallas\",\"https:\/\/www.instagram.com\/pegasuslogisticsgroup\/\",\"https:\/\/www.linkedin.com\/company\/pegasus-logistics-group\",\"https:\/\/www.pinterest.com\/pegasuslogisticsgroup\",\"http:\/\/www.youtube.com\/@pegasuslogistics\"],\"address\":{\"@id\":\"https:\/\/www.pegasuslogistics.com\/es\/quienes-somos\/#local-main-place-address\"},\"geo\":{\"@type\":\"GeoCoordinates\",\"latitude\":\"32.944213\",\"longitude\":\"-96.9991158\"},\"telephone\":[\"469-671-0300\",\"800-997-7226\"],\"openingHoursSpecification\":[{\"@type\":\"OpeningHoursSpecification\",\"dayOfWeek\":[\"Monday\",\"Tuesday\",\"Wednesday\",\"Thursday\",\"Friday\"],\"opens\":\"08:00\",\"closes\":\"17:00\"},{\"@type\":\"OpeningHoursSpecification\",\"dayOfWeek\":[\"Saturday\",\"Sunday\"],\"opens\":\"00:00\",\"closes\":\"00:00\"}],\"email\":\"info@pegasuslogistics.com\",\"faxNumber\":\"469-671-0317\",\"areaServed\":\"Dallas Fort Worth\"},{\"@type\":\"PostalAddress\",\"@id\":\"https:\/\/www.pegasuslogistics.com\/es\/quienes-somos\/#local-main-place-address\",\"streetAddress\":\"306 Airline Dr, Ste 100\",\"addressLocality\":\"Coppell\",\"postalCode\":\"75019\",\"addressRegion\":\"TX\",\"addressCountry\":\"US\"},{\"@type\":\"ImageObject\",\"inLanguage\":\"es-ES\",\"@id\":\"https:\/\/www.pegasuslogistics.com\/es\/quienes-somos\/#local-main-organization-logo\",\"url\":\"https:\/\/www.pegasuslogistics.com\/wp-content\/uploads\/2021\/10\/Pegasus-logo.png\",\"contentUrl\":\"https:\/\/www.pegasuslogistics.com\/wp-content\/uploads\/2021\/10\/Pegasus-logo.png\",\"width\":193,\"height\":90,\"caption\":\"Pegasus Logistics Group\"}]}<\/script>\n<meta name=\"geo.placename\" content=\"Coppell\" \/>\n<meta name=\"geo.position\" content=\"32.944213;-96.9991158\" \/>\n<meta name=\"geo.region\" content=\"Estados Unidos (EEUU)\" \/>\n<!-- \/ Yoast SEO Premium plugin. -->","yoast_head_json":{"title":"Qui\u00e9nes somos | Pegasus Logistics Group","description":"Redefinimos los est\u00e1ndares del transporte de tiempo definido invirtiendo recursos en miembros del equipo, tecnolog\u00eda y una red superior.","robots":{"index":"index","follow":"follow","max-snippet":"max-snippet:-1","max-image-preview":"max-image-preview:large","max-video-preview":"max-video-preview:-1"},"canonical":"https:\/\/www.pegasuslogistics.com\/es\/quienes-somos\/","twitter_misc":{"Est. reading time":"5 minutes"},"schema":{"@context":"https:\/\/schema.org","@graph":[{"@type":"WebPage","@id":"https:\/\/www.pegasuslogistics.com\/es\/quienes-somos\/","url":"https:\/\/www.pegasuslogistics.com\/es\/quienes-somos\/","name":"Qui\u00e9nes somos | Pegasus Logistics Group","isPartOf":{"@id":"https:\/\/www.pegasuslogistics.com\/es\/#website"},"datePublished":"2021-10-13T15:49:17+00:00","dateModified":"2026-03-05T19:16:25+00:00","description":"Redefinimos los est\u00e1ndares del transporte de tiempo definido invirtiendo recursos en miembros del equipo, tecnolog\u00eda y una red superior.","breadcrumb":{"@id":"https:\/\/www.pegasuslogistics.com\/es\/quienes-somos\/#breadcrumb"},"inLanguage":"es-ES","potentialAction":[{"@type":"ReadAction","target":["https:\/\/www.pegasuslogistics.com\/es\/quienes-somos\/"]}]},{"@type":"BreadcrumbList","@id":"https:\/\/www.pegasuslogistics.com\/es\/quienes-somos\/#breadcrumb","itemListElement":[{"@type":"ListItem","position":1,"name":"Home","item":"https:\/\/www.pegasuslogistics.com\/es\/inicio-complejidad\/"},{"@type":"ListItem","position":2,"name":"Qui\u00e9nes somos"}]},{"@type":"WebSite","@id":"https:\/\/www.pegasuslogistics.com\/es\/#website","url":"https:\/\/www.pegasuslogistics.com\/es\/","name":"Pegasus Logistics","description":"Delivering Opportunity","publisher":{"@id":"https:\/\/www.pegasuslogistics.com\/es\/#organization"},"alternateName":"Pegasus Logistics Group","potentialAction":[{"@type":"SearchAction","target":{"@type":"EntryPoint","urlTemplate":"https:\/\/www.pegasuslogistics.com\/es\/?s={search_term_string}"},"query-input":{"@type":"PropertyValueSpecification","valueRequired":true,"valueName":"search_term_string"}}],"inLanguage":"es-ES"},{"@type":["Organization","Place","Corporation"],"@id":"https:\/\/www.pegasuslogistics.com\/es\/#organization","name":"Pegasus Logistics Group","alternateName":"Pegasus Logistics","url":"https:\/\/www.pegasuslogistics.com\/es\/","logo":{"@id":"https:\/\/www.pegasuslogistics.com\/es\/quienes-somos\/#local-main-organization-logo"},"image":{"@id":"https:\/\/www.pegasuslogistics.com\/es\/quienes-somos\/#local-main-organization-logo"},"sameAs":["https:\/\/www.facebook.com\/PegasusLogisticsGroup\/","https:\/\/x.com\/pegasus_dallas","https:\/\/www.instagram.com\/pegasuslogisticsgroup\/","https:\/\/www.linkedin.com\/company\/pegasus-logistics-group","https:\/\/www.pinterest.com\/pegasuslogisticsgroup","http:\/\/www.youtube.com\/@pegasuslogistics"],"address":{"@id":"https:\/\/www.pegasuslogistics.com\/es\/quienes-somos\/#local-main-place-address"},"geo":{"@type":"GeoCoordinates","latitude":"32.944213","longitude":"-96.9991158"},"telephone":["469-671-0300","800-997-7226","469-671-0300","800-997-7226"],"openingHoursSpecification":[{"@type":"OpeningHoursSpecification","dayOfWeek":["Monday","Tuesday","Wednesday","Thursday","Friday"],"opens":"08:00","closes":"17:00"},{"@type":"OpeningHoursSpecification","dayOfWeek":["Saturday","Sunday"],"opens":"00:00","closes":"00:00"}],"email":"info@pegasuslogistics.com","faxNumber":"469-671-0317","areaServed":"Dallas Fort Worth"},{"@type":"PostalAddress","@id":"https:\/\/www.pegasuslogistics.com\/es\/quienes-somos\/#local-main-place-address","streetAddress":"306 Airline Dr, Ste 100","addressLocality":"Coppell","postalCode":"75019","addressRegion":"TX","addressCountry":"US"},{"@type":"ImageObject","inLanguage":"es-ES","@id":"https:\/\/www.pegasuslogistics.com\/es\/quienes-somos\/#local-main-organization-logo","url":"https:\/\/www.pegasuslogistics.com\/wp-content\/uploads\/2021\/10\/Pegasus-logo.png","contentUrl":"https:\/\/www.pegasuslogistics.com\/wp-content\/uploads\/2021\/10\/Pegasus-logo.png","width":193,"height":90,"caption":"Pegasus Logistics Group"}]},"geo.placename":"Coppell","geo.position":{"lat":"32.944213","long":"-96.9991158"},"geo.region":"Estados Unidos (EEUU)"},"_links":{"self":[{"href":"https:\/\/www.pegasuslogistics.com\/es\/wp-json\/wp\/v2\/pages\/4971","targetHints":{"allow":["GET"]}}],"collection":[{"href":"https:\/\/www.pegasuslogistics.com\/es\/wp-json\/wp\/v2\/pages"}],"about":[{"href":"https:\/\/www.pegasuslogistics.com\/es\/wp-json\/wp\/v2\/types\/page"}],"author":[{"embeddable":true,"href":"https:\/\/www.pegasuslogistics.com\/es\/wp-json\/wp\/v2\/users\/1"}],"replies":[{"embeddable":true,"href":"https:\/\/www.pegasuslogistics.com\/es\/wp-json\/wp\/v2\/comments?post=4971"}],"version-history":[{"count":14,"href":"https:\/\/www.pegasuslogistics.com\/es\/wp-json\/wp\/v2\/pages\/4971\/revisions"}],"predecessor-version":[{"id":72375,"href":"https:\/\/www.pegasuslogistics.com\/es\/wp-json\/wp\/v2\/pages\/4971\/revisions\/72375"}],"wp:attachment":[{"href":"https:\/\/www.pegasuslogistics.com\/es\/wp-json\/wp\/v2\/media?parent=4971"}],"curies":[{"name":"wp","href":"https:\/\/api.w.org\/{rel}","templated":true}]}}