{"id":4992,"date":"2021-11-05T12:29:06","date_gmt":"2021-11-05T17:29:06","guid":{"rendered":"https:\/\/pegasuslg.flywheelstaging.com\/distribucion-y-cumplimiento\/"},"modified":"2025-12-02T09:15:55","modified_gmt":"2025-12-02T15:15:55","slug":"distribucion-y-cumplimiento","status":"publish","type":"page","link":"https:\/\/www.pegasuslogistics.com\/es\/distribucion-y-cumplimiento\/","title":{"rendered":"Servicios de distribuci\u00f3n y almacenamiento"},"content":{"rendered":"<div id=\"cs-content\" class=\"cs-content\"><\/div>\n","protected":false},"excerpt":{"rendered":"<p>Las tallas \u00fanicas no son para todos Ya sea que busques un almac\u00e9n que cumpla con los requerimientos para tu proyecto o una estrategia que satisfaga las necesidades principales de tu negocio, podemos personalizar un modelo para elevar tu proceso actual. Algunos de nuestros servicios incluyen: Integraci\u00f3n en sistemas ERP como Oracle\/SAP\/etc. Ingreso de informaci\u00f3n directa al sistema del cliente &#8230; <\/p>\n<div><a href=\"https:\/\/www.pegasuslogistics.com\/es\/distribucion-y-cumplimiento\/\" class=\"more-link\">Read More<\/a><\/div>\n","protected":false},"author":1,"featured_media":0,"parent":0,"menu_order":0,"comment_status":"closed","ping_status":"closed","template":"template-blank-4.php","meta":{"content-type":"","footnotes":""},"class_list":["post-4992","page","type-page","status-publish","hentry","no-post-thumbnail"],"yoast_head":"<!-- This site is optimized with the Yoast SEO Premium plugin v21.0 (Yoast SEO v26.5) - https:\/\/yoast.com\/wordpress\/plugins\/seo\/ -->\n<title>Servicios de distribuci\u00f3n y almacenamiento | Pegasus Logistics Group<\/title>\n<meta name=\"description\" content=\"Nuestro modelo de almac\u00e9n de distribuci\u00f3n ha demostrado agilizar los procesos de cumplimiento para ayudarle a controlar mejor el inventario y reducir los costes fijos y de capital.\" \/>\n<meta name=\"robots\" content=\"index, follow, max-snippet:-1, max-image-preview:large, max-video-preview:-1\" \/>\n<link rel=\"canonical\" href=\"https:\/\/www.pegasuslogistics.com\/es\/distribucion-y-cumplimiento\/\" \/>\n<meta name=\"twitter:label1\" content=\"Est. reading time\" \/>\n\t<meta name=\"twitter:data1\" content=\"4 minutes\" \/>\n<script type=\"application\/ld+json\" class=\"yoast-schema-graph\">{\"@context\":\"https:\/\/schema.org\",\"@graph\":[{\"@type\":\"WebPage\",\"@id\":\"https:\/\/www.pegasuslogistics.com\/es\/distribucion-y-cumplimiento\/\",\"url\":\"https:\/\/www.pegasuslogistics.com\/es\/distribucion-y-cumplimiento\/\",\"name\":\"Servicios de distribuci\u00f3n y almacenamiento | Pegasus Logistics Group\",\"isPartOf\":{\"@id\":\"https:\/\/www.pegasuslogistics.com\/es\/#website\"},\"datePublished\":\"2021-11-05T17:29:06+00:00\",\"dateModified\":\"2025-12-02T15:15:55+00:00\",\"description\":\"Nuestro modelo de almac\u00e9n de distribuci\u00f3n ha demostrado agilizar los procesos de cumplimiento para ayudarle a controlar mejor el inventario y reducir los costes fijos y de capital.\",\"breadcrumb\":{\"@id\":\"https:\/\/www.pegasuslogistics.com\/es\/distribucion-y-cumplimiento\/#breadcrumb\"},\"inLanguage\":\"es-ES\",\"potentialAction\":[{\"@type\":\"ReadAction\",\"target\":[\"https:\/\/www.pegasuslogistics.com\/es\/distribucion-y-cumplimiento\/\"]}]},{\"@type\":\"BreadcrumbList\",\"@id\":\"https:\/\/www.pegasuslogistics.com\/es\/distribucion-y-cumplimiento\/#breadcrumb\",\"itemListElement\":[{\"@type\":\"ListItem\",\"position\":1,\"name\":\"Home\",\"item\":\"https:\/\/www.pegasuslogistics.com\/es\/inicio-complejidad\/\"},{\"@type\":\"ListItem\",\"position\":2,\"name\":\"Servicios de distribuci\u00f3n y almacenamiento\"}]},{\"@type\":\"WebSite\",\"@id\":\"https:\/\/www.pegasuslogistics.com\/es\/#website\",\"url\":\"https:\/\/www.pegasuslogistics.com\/es\/\",\"name\":\"Pegasus Logistics\",\"description\":\"Delivering Opportunity\",\"publisher\":{\"@id\":\"https:\/\/www.pegasuslogistics.com\/es\/#organization\"},\"alternateName\":\"Pegasus Logistics Group\",\"potentialAction\":[{\"@type\":\"SearchAction\",\"target\":{\"@type\":\"EntryPoint\",\"urlTemplate\":\"https:\/\/www.pegasuslogistics.com\/es\/?s={search_term_string}\"},\"query-input\":{\"@type\":\"PropertyValueSpecification\",\"valueRequired\":true,\"valueName\":\"search_term_string\"}}],\"inLanguage\":\"es-ES\"},{\"@type\":[\"Organization\",\"Place\",\"Corporation\"],\"@id\":\"https:\/\/www.pegasuslogistics.com\/es\/#organization\",\"name\":\"Pegasus Logistics Group\",\"alternateName\":\"Pegasus Logistics\",\"url\":\"https:\/\/www.pegasuslogistics.com\/es\/\",\"logo\":{\"@id\":\"https:\/\/www.pegasuslogistics.com\/es\/distribucion-y-cumplimiento\/#local-main-organization-logo\"},\"image\":{\"@id\":\"https:\/\/www.pegasuslogistics.com\/es\/distribucion-y-cumplimiento\/#local-main-organization-logo\"},\"sameAs\":[\"https:\/\/www.facebook.com\/PegasusLogisticsGroup\/\",\"https:\/\/x.com\/pegasus_dallas\",\"https:\/\/www.instagram.com\/pegasuslogisticsgroup\/\",\"https:\/\/www.linkedin.com\/company\/pegasus-logistics-group\",\"https:\/\/www.pinterest.com\/pegasuslogisticsgroup\",\"http:\/\/www.youtube.com\/@pegasuslogistics\"],\"address\":{\"@id\":\"https:\/\/www.pegasuslogistics.com\/es\/distribucion-y-cumplimiento\/#local-main-place-address\"},\"geo\":{\"@type\":\"GeoCoordinates\",\"latitude\":\"32.944213\",\"longitude\":\"-96.9991158\"},\"telephone\":[\"469-671-0300\",\"800-997-7226\"],\"openingHoursSpecification\":[{\"@type\":\"OpeningHoursSpecification\",\"dayOfWeek\":[\"Monday\",\"Tuesday\",\"Wednesday\",\"Thursday\",\"Friday\"],\"opens\":\"08:00\",\"closes\":\"17:00\"},{\"@type\":\"OpeningHoursSpecification\",\"dayOfWeek\":[\"Saturday\",\"Sunday\"],\"opens\":\"00:00\",\"closes\":\"00:00\"}],\"email\":\"info@pegasuslogistics.com\",\"faxNumber\":\"469-671-0317\",\"areaServed\":\"Dallas Fort Worth\"},{\"@type\":\"PostalAddress\",\"@id\":\"https:\/\/www.pegasuslogistics.com\/es\/distribucion-y-cumplimiento\/#local-main-place-address\",\"streetAddress\":\"306 Airline Dr, Ste 100\",\"addressLocality\":\"Coppell\",\"postalCode\":\"75019\",\"addressRegion\":\"TX\",\"addressCountry\":\"US\"},{\"@type\":\"ImageObject\",\"inLanguage\":\"es-ES\",\"@id\":\"https:\/\/www.pegasuslogistics.com\/es\/distribucion-y-cumplimiento\/#local-main-organization-logo\",\"url\":\"https:\/\/www.pegasuslogistics.com\/wp-content\/uploads\/2021\/10\/Pegasus-logo.png\",\"contentUrl\":\"https:\/\/www.pegasuslogistics.com\/wp-content\/uploads\/2021\/10\/Pegasus-logo.png\",\"width\":193,\"height\":90,\"caption\":\"Pegasus Logistics Group\"}]}<\/script>\n<meta name=\"geo.placename\" content=\"Coppell\" \/>\n<meta name=\"geo.position\" content=\"32.944213;-96.9991158\" \/>\n<meta name=\"geo.region\" content=\"Estados Unidos (EEUU)\" \/>\n<!-- \/ Yoast SEO Premium plugin. -->","yoast_head_json":{"title":"Servicios de distribuci\u00f3n y almacenamiento | Pegasus Logistics Group","description":"Nuestro modelo de almac\u00e9n de distribuci\u00f3n ha demostrado agilizar los procesos de cumplimiento para ayudarle a controlar mejor el inventario y reducir los costes fijos y de capital.","robots":{"index":"index","follow":"follow","max-snippet":"max-snippet:-1","max-image-preview":"max-image-preview:large","max-video-preview":"max-video-preview:-1"},"canonical":"https:\/\/www.pegasuslogistics.com\/es\/distribucion-y-cumplimiento\/","twitter_misc":{"Est. reading time":"4 minutes"},"schema":{"@context":"https:\/\/schema.org","@graph":[{"@type":"WebPage","@id":"https:\/\/www.pegasuslogistics.com\/es\/distribucion-y-cumplimiento\/","url":"https:\/\/www.pegasuslogistics.com\/es\/distribucion-y-cumplimiento\/","name":"Servicios de distribuci\u00f3n y almacenamiento | Pegasus Logistics Group","isPartOf":{"@id":"https:\/\/www.pegasuslogistics.com\/es\/#website"},"datePublished":"2021-11-05T17:29:06+00:00","dateModified":"2025-12-02T15:15:55+00:00","description":"Nuestro modelo de almac\u00e9n de distribuci\u00f3n ha demostrado agilizar los procesos de cumplimiento para ayudarle a controlar mejor el inventario y reducir los costes fijos y de capital.","breadcrumb":{"@id":"https:\/\/www.pegasuslogistics.com\/es\/distribucion-y-cumplimiento\/#breadcrumb"},"inLanguage":"es-ES","potentialAction":[{"@type":"ReadAction","target":["https:\/\/www.pegasuslogistics.com\/es\/distribucion-y-cumplimiento\/"]}]},{"@type":"BreadcrumbList","@id":"https:\/\/www.pegasuslogistics.com\/es\/distribucion-y-cumplimiento\/#breadcrumb","itemListElement":[{"@type":"ListItem","position":1,"name":"Home","item":"https:\/\/www.pegasuslogistics.com\/es\/inicio-complejidad\/"},{"@type":"ListItem","position":2,"name":"Servicios de distribuci\u00f3n y almacenamiento"}]},{"@type":"WebSite","@id":"https:\/\/www.pegasuslogistics.com\/es\/#website","url":"https:\/\/www.pegasuslogistics.com\/es\/","name":"Pegasus Logistics","description":"Delivering Opportunity","publisher":{"@id":"https:\/\/www.pegasuslogistics.com\/es\/#organization"},"alternateName":"Pegasus Logistics Group","potentialAction":[{"@type":"SearchAction","target":{"@type":"EntryPoint","urlTemplate":"https:\/\/www.pegasuslogistics.com\/es\/?s={search_term_string}"},"query-input":{"@type":"PropertyValueSpecification","valueRequired":true,"valueName":"search_term_string"}}],"inLanguage":"es-ES"},{"@type":["Organization","Place","Corporation"],"@id":"https:\/\/www.pegasuslogistics.com\/es\/#organization","name":"Pegasus Logistics Group","alternateName":"Pegasus Logistics","url":"https:\/\/www.pegasuslogistics.com\/es\/","logo":{"@id":"https:\/\/www.pegasuslogistics.com\/es\/distribucion-y-cumplimiento\/#local-main-organization-logo"},"image":{"@id":"https:\/\/www.pegasuslogistics.com\/es\/distribucion-y-cumplimiento\/#local-main-organization-logo"},"sameAs":["https:\/\/www.facebook.com\/PegasusLogisticsGroup\/","https:\/\/x.com\/pegasus_dallas","https:\/\/www.instagram.com\/pegasuslogisticsgroup\/","https:\/\/www.linkedin.com\/company\/pegasus-logistics-group","https:\/\/www.pinterest.com\/pegasuslogisticsgroup","http:\/\/www.youtube.com\/@pegasuslogistics"],"address":{"@id":"https:\/\/www.pegasuslogistics.com\/es\/distribucion-y-cumplimiento\/#local-main-place-address"},"geo":{"@type":"GeoCoordinates","latitude":"32.944213","longitude":"-96.9991158"},"telephone":["469-671-0300","800-997-7226","469-671-0300","800-997-7226"],"openingHoursSpecification":[{"@type":"OpeningHoursSpecification","dayOfWeek":["Monday","Tuesday","Wednesday","Thursday","Friday"],"opens":"08:00","closes":"17:00"},{"@type":"OpeningHoursSpecification","dayOfWeek":["Saturday","Sunday"],"opens":"00:00","closes":"00:00"}],"email":"info@pegasuslogistics.com","faxNumber":"469-671-0317","areaServed":"Dallas Fort Worth"},{"@type":"PostalAddress","@id":"https:\/\/www.pegasuslogistics.com\/es\/distribucion-y-cumplimiento\/#local-main-place-address","streetAddress":"306 Airline Dr, Ste 100","addressLocality":"Coppell","postalCode":"75019","addressRegion":"TX","addressCountry":"US"},{"@type":"ImageObject","inLanguage":"es-ES","@id":"https:\/\/www.pegasuslogistics.com\/es\/distribucion-y-cumplimiento\/#local-main-organization-logo","url":"https:\/\/www.pegasuslogistics.com\/wp-content\/uploads\/2021\/10\/Pegasus-logo.png","contentUrl":"https:\/\/www.pegasuslogistics.com\/wp-content\/uploads\/2021\/10\/Pegasus-logo.png","width":193,"height":90,"caption":"Pegasus Logistics Group"}]},"geo.placename":"Coppell","geo.position":{"lat":"32.944213","long":"-96.9991158"},"geo.region":"Estados Unidos (EEUU)"},"_links":{"self":[{"href":"https:\/\/www.pegasuslogistics.com\/es\/wp-json\/wp\/v2\/pages\/4992","targetHints":{"allow":["GET"]}}],"collection":[{"href":"https:\/\/www.pegasuslogistics.com\/es\/wp-json\/wp\/v2\/pages"}],"about":[{"href":"https:\/\/www.pegasuslogistics.com\/es\/wp-json\/wp\/v2\/types\/page"}],"author":[{"embeddable":true,"href":"https:\/\/www.pegasuslogistics.com\/es\/wp-json\/wp\/v2\/users\/1"}],"replies":[{"embeddable":true,"href":"https:\/\/www.pegasuslogistics.com\/es\/wp-json\/wp\/v2\/comments?post=4992"}],"version-history":[{"count":6,"href":"https:\/\/www.pegasuslogistics.com\/es\/wp-json\/wp\/v2\/pages\/4992\/revisions"}],"predecessor-version":[{"id":70234,"href":"https:\/\/www.pegasuslogistics.com\/es\/wp-json\/wp\/v2\/pages\/4992\/revisions\/70234"}],"wp:attachment":[{"href":"https:\/\/www.pegasuslogistics.com\/es\/wp-json\/wp\/v2\/media?parent=4992"}],"curies":[{"name":"wp","href":"https:\/\/api.w.org\/{rel}","templated":true}]}}