{"id":5241,"date":"2022-02-08T12:34:21","date_gmt":"2022-02-08T18:34:21","guid":{"rendered":"https:\/\/pegasuslg.flywheelstaging.com\/descubra-las-ventajas-de-la-visibilidad-del-cuadro-de-mando\/"},"modified":"2026-03-19T12:49:47","modified_gmt":"2026-03-19T17:49:47","slug":"descubra-las-ventajas-de-la-visibilidad-del-cuadro-de-mando","status":"publish","type":"page","link":"https:\/\/www.pegasuslogistics.com\/es\/descubra-las-ventajas-de-la-visibilidad-del-cuadro-de-mando\/","title":{"rendered":"Descubra las ventajas de la visibilidad del cuadro de mando"},"content":{"rendered":"<div id=\"cs-content\" class=\"cs-content\"><\/div>\n","protected":false},"excerpt":{"rendered":"<p>Want More Control Over Your Supply Chain? Descubra las ventajas de la visibilidad del cuadro de mando\u00bfEst\u00e1 harto de las entregas tard\u00edas y los componentes da\u00f1ados? \u00bfQuiz\u00e1s est\u00e9 cansado de desear que las entregas se realicen a tiempo? O, tal vez, le gustar\u00eda por una vez sentirse bien al firmar un gran contrato en lugar de preocuparse por producir m\u00e1s &#8230; <\/p>\n<div><a href=\"https:\/\/www.pegasuslogistics.com\/es\/descubra-las-ventajas-de-la-visibilidad-del-cuadro-de-mando\/\" class=\"more-link\">Read More<\/a><\/div>\n","protected":false},"author":1,"featured_media":0,"parent":0,"menu_order":0,"comment_status":"closed","ping_status":"closed","template":"template-blank-4.php","meta":{"content-type":"","footnotes":""},"class_list":["post-5241","page","type-page","status-publish","hentry","no-post-thumbnail"],"yoast_head":"<!-- This site is optimized with the Yoast SEO Premium plugin v21.0 (Yoast SEO v26.5) - https:\/\/yoast.com\/wordpress\/plugins\/seo\/ -->\n<title>Visibilidad del Cuadro de Mando | Pegasus Logistics Group<\/title>\n<meta name=\"description\" content=\"Descubra c\u00f3mo la visibilidad del cuadro de mando mejora su cadena. Pegasus Logistics ofrece control y eficiencia en cada env\u00edo.\" \/>\n<meta name=\"robots\" content=\"index, follow, max-snippet:-1, max-image-preview:large, max-video-preview:-1\" \/>\n<link rel=\"canonical\" href=\"https:\/\/www.pegasuslogistics.com\/es\/descubra-las-ventajas-de-la-visibilidad-del-cuadro-de-mando\/\" \/>\n<meta name=\"twitter:label1\" content=\"Est. reading time\" \/>\n\t<meta name=\"twitter:data1\" content=\"2 minutes\" \/>\n<script type=\"application\/ld+json\" class=\"yoast-schema-graph\">{\"@context\":\"https:\/\/schema.org\",\"@graph\":[{\"@type\":\"WebPage\",\"@id\":\"https:\/\/www.pegasuslogistics.com\/es\/descubra-las-ventajas-de-la-visibilidad-del-cuadro-de-mando\/\",\"url\":\"https:\/\/www.pegasuslogistics.com\/es\/descubra-las-ventajas-de-la-visibilidad-del-cuadro-de-mando\/\",\"name\":\"Visibilidad del Cuadro de Mando | Pegasus Logistics Group\",\"isPartOf\":{\"@id\":\"https:\/\/www.pegasuslogistics.com\/es\/#website\"},\"datePublished\":\"2022-02-08T18:34:21+00:00\",\"dateModified\":\"2026-03-19T17:49:47+00:00\",\"description\":\"Descubra c\u00f3mo la visibilidad del cuadro de mando mejora su cadena. Pegasus Logistics ofrece control y eficiencia en cada env\u00edo.\",\"breadcrumb\":{\"@id\":\"https:\/\/www.pegasuslogistics.com\/es\/descubra-las-ventajas-de-la-visibilidad-del-cuadro-de-mando\/#breadcrumb\"},\"inLanguage\":\"es-ES\",\"potentialAction\":[{\"@type\":\"ReadAction\",\"target\":[\"https:\/\/www.pegasuslogistics.com\/es\/descubra-las-ventajas-de-la-visibilidad-del-cuadro-de-mando\/\"]}]},{\"@type\":\"BreadcrumbList\",\"@id\":\"https:\/\/www.pegasuslogistics.com\/es\/descubra-las-ventajas-de-la-visibilidad-del-cuadro-de-mando\/#breadcrumb\",\"itemListElement\":[{\"@type\":\"ListItem\",\"position\":1,\"name\":\"Home\",\"item\":\"https:\/\/www.pegasuslogistics.com\/es\/inicio-complejidad\/\"},{\"@type\":\"ListItem\",\"position\":2,\"name\":\"Descubra las ventajas de la visibilidad del cuadro de mando\"}]},{\"@type\":\"WebSite\",\"@id\":\"https:\/\/www.pegasuslogistics.com\/es\/#website\",\"url\":\"https:\/\/www.pegasuslogistics.com\/es\/\",\"name\":\"Pegasus Logistics\",\"description\":\"Delivering Opportunity\",\"publisher\":{\"@id\":\"https:\/\/www.pegasuslogistics.com\/es\/#organization\"},\"alternateName\":\"Pegasus Logistics Group\",\"potentialAction\":[{\"@type\":\"SearchAction\",\"target\":{\"@type\":\"EntryPoint\",\"urlTemplate\":\"https:\/\/www.pegasuslogistics.com\/es\/?s={search_term_string}\"},\"query-input\":{\"@type\":\"PropertyValueSpecification\",\"valueRequired\":true,\"valueName\":\"search_term_string\"}}],\"inLanguage\":\"es-ES\"},{\"@type\":[\"Organization\",\"Place\",\"Corporation\"],\"@id\":\"https:\/\/www.pegasuslogistics.com\/es\/#organization\",\"name\":\"Pegasus Logistics Group\",\"alternateName\":\"Pegasus Logistics\",\"url\":\"https:\/\/www.pegasuslogistics.com\/es\/\",\"logo\":{\"@id\":\"https:\/\/www.pegasuslogistics.com\/es\/descubra-las-ventajas-de-la-visibilidad-del-cuadro-de-mando\/#local-main-organization-logo\"},\"image\":{\"@id\":\"https:\/\/www.pegasuslogistics.com\/es\/descubra-las-ventajas-de-la-visibilidad-del-cuadro-de-mando\/#local-main-organization-logo\"},\"sameAs\":[\"https:\/\/www.facebook.com\/PegasusLogisticsGroup\/\",\"https:\/\/x.com\/pegasus_dallas\",\"https:\/\/www.instagram.com\/pegasuslogisticsgroup\/\",\"https:\/\/www.linkedin.com\/company\/pegasus-logistics-group\",\"https:\/\/www.pinterest.com\/pegasuslogisticsgroup\",\"http:\/\/www.youtube.com\/@pegasuslogistics\"],\"address\":{\"@id\":\"https:\/\/www.pegasuslogistics.com\/es\/descubra-las-ventajas-de-la-visibilidad-del-cuadro-de-mando\/#local-main-place-address\"},\"geo\":{\"@type\":\"GeoCoordinates\",\"latitude\":\"32.944213\",\"longitude\":\"-96.9991158\"},\"telephone\":[\"469-671-0300\",\"800-997-7226\"],\"openingHoursSpecification\":[{\"@type\":\"OpeningHoursSpecification\",\"dayOfWeek\":[\"Monday\",\"Tuesday\",\"Wednesday\",\"Thursday\",\"Friday\"],\"opens\":\"08:00\",\"closes\":\"17:00\"},{\"@type\":\"OpeningHoursSpecification\",\"dayOfWeek\":[\"Saturday\",\"Sunday\"],\"opens\":\"00:00\",\"closes\":\"00:00\"}],\"email\":\"info@pegasuslogistics.com\",\"faxNumber\":\"469-671-0317\",\"areaServed\":\"Dallas Fort Worth\"},{\"@type\":\"PostalAddress\",\"@id\":\"https:\/\/www.pegasuslogistics.com\/es\/descubra-las-ventajas-de-la-visibilidad-del-cuadro-de-mando\/#local-main-place-address\",\"streetAddress\":\"306 Airline Dr, Ste 100\",\"addressLocality\":\"Coppell\",\"postalCode\":\"75019\",\"addressRegion\":\"TX\",\"addressCountry\":\"US\"},{\"@type\":\"ImageObject\",\"inLanguage\":\"es-ES\",\"@id\":\"https:\/\/www.pegasuslogistics.com\/es\/descubra-las-ventajas-de-la-visibilidad-del-cuadro-de-mando\/#local-main-organization-logo\",\"url\":\"https:\/\/www.pegasuslogistics.com\/wp-content\/uploads\/2021\/10\/Pegasus-logo.png\",\"contentUrl\":\"https:\/\/www.pegasuslogistics.com\/wp-content\/uploads\/2021\/10\/Pegasus-logo.png\",\"width\":193,\"height\":90,\"caption\":\"Pegasus Logistics Group\"}]}<\/script>\n<meta name=\"geo.placename\" content=\"Coppell\" \/>\n<meta name=\"geo.position\" content=\"32.944213;-96.9991158\" \/>\n<meta name=\"geo.region\" content=\"Estados Unidos (EEUU)\" \/>\n<!-- \/ Yoast SEO Premium plugin. -->","yoast_head_json":{"title":"Visibilidad del Cuadro de Mando | Pegasus Logistics Group","description":"Descubra c\u00f3mo la visibilidad del cuadro de mando mejora su cadena. Pegasus Logistics ofrece control y eficiencia en cada env\u00edo.","robots":{"index":"index","follow":"follow","max-snippet":"max-snippet:-1","max-image-preview":"max-image-preview:large","max-video-preview":"max-video-preview:-1"},"canonical":"https:\/\/www.pegasuslogistics.com\/es\/descubra-las-ventajas-de-la-visibilidad-del-cuadro-de-mando\/","twitter_misc":{"Est. reading time":"2 minutes"},"schema":{"@context":"https:\/\/schema.org","@graph":[{"@type":"WebPage","@id":"https:\/\/www.pegasuslogistics.com\/es\/descubra-las-ventajas-de-la-visibilidad-del-cuadro-de-mando\/","url":"https:\/\/www.pegasuslogistics.com\/es\/descubra-las-ventajas-de-la-visibilidad-del-cuadro-de-mando\/","name":"Visibilidad del Cuadro de Mando | Pegasus Logistics Group","isPartOf":{"@id":"https:\/\/www.pegasuslogistics.com\/es\/#website"},"datePublished":"2022-02-08T18:34:21+00:00","dateModified":"2026-03-19T17:49:47+00:00","description":"Descubra c\u00f3mo la visibilidad del cuadro de mando mejora su cadena. Pegasus Logistics ofrece control y eficiencia en cada env\u00edo.","breadcrumb":{"@id":"https:\/\/www.pegasuslogistics.com\/es\/descubra-las-ventajas-de-la-visibilidad-del-cuadro-de-mando\/#breadcrumb"},"inLanguage":"es-ES","potentialAction":[{"@type":"ReadAction","target":["https:\/\/www.pegasuslogistics.com\/es\/descubra-las-ventajas-de-la-visibilidad-del-cuadro-de-mando\/"]}]},{"@type":"BreadcrumbList","@id":"https:\/\/www.pegasuslogistics.com\/es\/descubra-las-ventajas-de-la-visibilidad-del-cuadro-de-mando\/#breadcrumb","itemListElement":[{"@type":"ListItem","position":1,"name":"Home","item":"https:\/\/www.pegasuslogistics.com\/es\/inicio-complejidad\/"},{"@type":"ListItem","position":2,"name":"Descubra las ventajas de la visibilidad del cuadro de mando"}]},{"@type":"WebSite","@id":"https:\/\/www.pegasuslogistics.com\/es\/#website","url":"https:\/\/www.pegasuslogistics.com\/es\/","name":"Pegasus Logistics","description":"Delivering Opportunity","publisher":{"@id":"https:\/\/www.pegasuslogistics.com\/es\/#organization"},"alternateName":"Pegasus Logistics Group","potentialAction":[{"@type":"SearchAction","target":{"@type":"EntryPoint","urlTemplate":"https:\/\/www.pegasuslogistics.com\/es\/?s={search_term_string}"},"query-input":{"@type":"PropertyValueSpecification","valueRequired":true,"valueName":"search_term_string"}}],"inLanguage":"es-ES"},{"@type":["Organization","Place","Corporation"],"@id":"https:\/\/www.pegasuslogistics.com\/es\/#organization","name":"Pegasus Logistics Group","alternateName":"Pegasus Logistics","url":"https:\/\/www.pegasuslogistics.com\/es\/","logo":{"@id":"https:\/\/www.pegasuslogistics.com\/es\/descubra-las-ventajas-de-la-visibilidad-del-cuadro-de-mando\/#local-main-organization-logo"},"image":{"@id":"https:\/\/www.pegasuslogistics.com\/es\/descubra-las-ventajas-de-la-visibilidad-del-cuadro-de-mando\/#local-main-organization-logo"},"sameAs":["https:\/\/www.facebook.com\/PegasusLogisticsGroup\/","https:\/\/x.com\/pegasus_dallas","https:\/\/www.instagram.com\/pegasuslogisticsgroup\/","https:\/\/www.linkedin.com\/company\/pegasus-logistics-group","https:\/\/www.pinterest.com\/pegasuslogisticsgroup","http:\/\/www.youtube.com\/@pegasuslogistics"],"address":{"@id":"https:\/\/www.pegasuslogistics.com\/es\/descubra-las-ventajas-de-la-visibilidad-del-cuadro-de-mando\/#local-main-place-address"},"geo":{"@type":"GeoCoordinates","latitude":"32.944213","longitude":"-96.9991158"},"telephone":["469-671-0300","800-997-7226","469-671-0300","800-997-7226"],"openingHoursSpecification":[{"@type":"OpeningHoursSpecification","dayOfWeek":["Monday","Tuesday","Wednesday","Thursday","Friday"],"opens":"08:00","closes":"17:00"},{"@type":"OpeningHoursSpecification","dayOfWeek":["Saturday","Sunday"],"opens":"00:00","closes":"00:00"}],"email":"info@pegasuslogistics.com","faxNumber":"469-671-0317","areaServed":"Dallas Fort Worth"},{"@type":"PostalAddress","@id":"https:\/\/www.pegasuslogistics.com\/es\/descubra-las-ventajas-de-la-visibilidad-del-cuadro-de-mando\/#local-main-place-address","streetAddress":"306 Airline Dr, Ste 100","addressLocality":"Coppell","postalCode":"75019","addressRegion":"TX","addressCountry":"US"},{"@type":"ImageObject","inLanguage":"es-ES","@id":"https:\/\/www.pegasuslogistics.com\/es\/descubra-las-ventajas-de-la-visibilidad-del-cuadro-de-mando\/#local-main-organization-logo","url":"https:\/\/www.pegasuslogistics.com\/wp-content\/uploads\/2021\/10\/Pegasus-logo.png","contentUrl":"https:\/\/www.pegasuslogistics.com\/wp-content\/uploads\/2021\/10\/Pegasus-logo.png","width":193,"height":90,"caption":"Pegasus Logistics Group"}]},"geo.placename":"Coppell","geo.position":{"lat":"32.944213","long":"-96.9991158"},"geo.region":"Estados Unidos (EEUU)"},"_links":{"self":[{"href":"https:\/\/www.pegasuslogistics.com\/es\/wp-json\/wp\/v2\/pages\/5241","targetHints":{"allow":["GET"]}}],"collection":[{"href":"https:\/\/www.pegasuslogistics.com\/es\/wp-json\/wp\/v2\/pages"}],"about":[{"href":"https:\/\/www.pegasuslogistics.com\/es\/wp-json\/wp\/v2\/types\/page"}],"author":[{"embeddable":true,"href":"https:\/\/www.pegasuslogistics.com\/es\/wp-json\/wp\/v2\/users\/1"}],"replies":[{"embeddable":true,"href":"https:\/\/www.pegasuslogistics.com\/es\/wp-json\/wp\/v2\/comments?post=5241"}],"version-history":[{"count":2,"href":"https:\/\/www.pegasuslogistics.com\/es\/wp-json\/wp\/v2\/pages\/5241\/revisions"}],"predecessor-version":[{"id":5244,"href":"https:\/\/www.pegasuslogistics.com\/es\/wp-json\/wp\/v2\/pages\/5241\/revisions\/5244"}],"wp:attachment":[{"href":"https:\/\/www.pegasuslogistics.com\/es\/wp-json\/wp\/v2\/media?parent=5241"}],"curies":[{"name":"wp","href":"https:\/\/api.w.org\/{rel}","templated":true}]}}